{"id":1473,"date":"2021-02-25T13:58:45","date_gmt":"2021-02-25T13:58:45","guid":{"rendered":"https:\/\/in-colombiaorg.onyx-sites.io\/?page_id=1473"},"modified":"2021-03-26T15:09:35","modified_gmt":"2021-03-26T15:09:35","slug":"elementor-1473","status":"publish","type":"page","link":"https:\/\/in-colombia.org\/?page_id=1473","title":{"rendered":"Terms &#038; Conditions"},"content":{"rendered":"\t\t<div data-elementor-type=\"wp-page\" data-elementor-id=\"1473\" class=\"elementor elementor-1473\" data-elementor-settings=\"[]\">\n\t\t\t\t\t\t\t<div class=\"elementor-section-wrap\">\n\t\t\t\t\t\t\t<section class=\"elementor-section elementor-top-section elementor-element elementor-element-9d3b2e9 elementor-section-boxed elementor-section-height-default elementor-section-height-default\" data-id=\"9d3b2e9\" data-element_type=\"section\">\n\t\t\t\t\t\t<div class=\"elementor-container elementor-column-gap-default\">\n\t\t\t\t\t<div class=\"elementor-column elementor-col-100 elementor-top-column elementor-element elementor-element-701f45b\" data-id=\"701f45b\" data-element_type=\"column\">\n\t\t\t<div class=\"elementor-widget-wrap elementor-element-populated\">\n\t\t\t\t\t\t\t\t<div class=\"elementor-element elementor-element-928750f elementor-widget elementor-widget-spacer\" data-id=\"928750f\" data-element_type=\"widget\" data-widget_type=\"spacer.default\">\n\t\t\t\t<div class=\"elementor-widget-container\">\n\t\t\t\t\t<div class=\"elementor-spacer\">\n\t\t\t<div class=\"elementor-spacer-inner\"><\/div>\n\t\t<\/div>\n\t\t\t\t<\/div>\n\t\t\t\t<\/div>\n\t\t\t\t<div class=\"elementor-element elementor-element-746b912 elementor-widget elementor-widget-spacer\" data-id=\"746b912\" data-element_type=\"widget\" data-widget_type=\"spacer.default\">\n\t\t\t\t<div class=\"elementor-widget-container\">\n\t\t\t\t\t<div class=\"elementor-spacer\">\n\t\t\t<div class=\"elementor-spacer-inner\"><\/div>\n\t\t<\/div>\n\t\t\t\t<\/div>\n\t\t\t\t<\/div>\n\t\t\t\t<div class=\"elementor-element elementor-element-def0569 elementor-widget elementor-widget-heading\" data-id=\"def0569\" data-element_type=\"widget\" data-widget_type=\"heading.default\">\n\t\t\t\t<div class=\"elementor-widget-container\">\n\t\t\t<h2 class=\"elementor-heading-title elementor-size-default\">T\u00e9rminos de uso<\/h2>\t\t<\/div>\n\t\t\t\t<\/div>\n\t\t\t\t<div class=\"elementor-element elementor-element-7f9a276 elementor-widget elementor-widget-text-editor\" data-id=\"7f9a276\" data-element_type=\"widget\" data-widget_type=\"text-editor.default\">\n\t\t\t\t<div class=\"elementor-widget-container\">\n\t\t\t\t\t<div class=\"elementor-text-editor elementor-clearfix\"><p><span style=\"font-weight: 400;\">Estos t\u00e9rminos de uso se aplican al contenido del sitio web bajo el nombre de dominio &#8216;in-colombia.org&#8217; (el &#8216;Sitio Web&#8217;). El Sitio Web es administrado por el proyecto Plantas \u00datiles y Hongos de Colombia (UPFC). El objetivo de la p\u00e1gina web es centralizar toda la informaci\u00f3n relacionada con el proyecto UPFC.&nbsp;<\/span><\/p>\n<p><span style=\"font-weight: 400;\">La p\u00e1gina web es operada por la Junta Directiva del Real Jard\u00edn Bot\u00e1nico de Kew (&#8216;nosotros&#8217;, o &#8216;nuestro&#8217;) en representaci\u00f3n del proyecto UPFC. Somos una organizaci\u00f3n p\u00fablica no departamental con estatus caritativo, cuya principal zona de trabajo es en Royal Botanic Gardens, Kew, Richmond, TW9 3AE.<\/span><\/p>\n<p><span style=\"font-weight: 400;\">El uso de nuestra p\u00e1gina web est\u00e1 sujeta a los siguientes t\u00e9rminos de uso (&#8216;T\u00e9rminos&#8217;). Al usar y\/o acceder a nuestra p\u00e1gina web, usted confirma que acepta estos T\u00e9rminos y acepta cumplirlos. Si no est\u00e1 de acuerdo con estos T\u00e9rminos, no utilice nuestra p\u00e1gina web.<\/span><\/p>\n<p><span style=\"font-weight: 400;\">Parte de la informaci\u00f3n incluida en estos T\u00e9rminos puede ser reemplazada por t\u00e9rminos o avisos publicados en otras partes de nuestra p\u00e1gina web.<\/span><\/p>\n<p><b>Cambios en estos T\u00e9rminos:<br><\/b><span style=\"font-style: inherit;\">Los T\u00e9rminos que se encuentran en esta p\u00e1gina pueden ser modificados en cualquier momento. Usted debe revisar esta p\u00e1gina continuamente para ver si algo ha cambiado, ya que se aplicar\u00e1 al uso de la p\u00e1gina web.<\/span><\/p>\n<p><b>Disponibilidad de nuestra p\u00e1gina web:<br><\/b><span style=\"font-style: inherit;\">No podemos garantizar que la p\u00e1gina web est\u00e9 siempre disponible y permanente.&nbsp;<\/span><\/p>\n<p><span style=\"font-weight: 400;\">Es posible que tengamos que suspender o retirar, modificar, actualizar o restringir la disponibilidad de la totalidad o cualquier parte de la p\u00e1gina web en cualquier momento sin previo aviso. No somos responsables si, por cualquier motivo, la p\u00e1gina web no est\u00e1 disponible o este desactualizada en cualquier momento o durante cualquier per\u00edodo.<\/span><\/p>\n<p><span style=\"font-weight: 400;\">Solo puede utilizar nuestra p\u00e1gina con fines leg\u00edtimos. No puede utilizar nuestro sitio:<\/span><\/p>\n<ul>\n<li style=\"font-weight: 400;\" aria-level=\"1\"><span style=\"font-weight: 400;\">de cualquier forma que infrinja cualquier derecho o reglamento local, nacional o internacional<\/span><\/li>\n<li style=\"font-weight: 400;\" aria-level=\"1\"><span style=\"font-weight: 400;\">de cualquier forma que sea ilegal o fraudulento, o tenga cualquier prop\u00f3sito o efecto ilegal o fraudulento<\/span><\/li>\n<li style=\"font-weight: 400;\" aria-level=\"1\"><span style=\"font-weight: 400;\">de cualquier forma que sea abusivo, difamatorio u obsceno o que acose o incomode a cualquier persona que pueda restringir o inhibir el uso y disfrutar la p\u00e1gina web por parte de cualquier persona<\/span><\/li>\n<li style=\"font-weight: 400;\" aria-level=\"1\"><span style=\"font-weight: 400;\">para enviar, o procurar el env\u00edo de, spam \u2013 que sea cualquier material publicitario o promocional no solicitado o no autorizado o cualquier otra forma de solicitud similar<\/span><\/li>\n<li style=\"font-weight: 400;\" aria-level=\"1\"><span style=\"font-weight: 400;\">enviar cualquier dato, enviar o cargar cualquier material que contenga virus, troyanos, gusanos, bombas de tiempo, registradores de pulsaciones de teclas, spyware, adware o cualquier otro programa da\u00f1ino o c\u00f3digo inform\u00e1tico similar dise\u00f1ado para afectar de forma negativa el funcionamiento de cualquier software o hardware inform\u00e1tico<\/span><\/li>\n<li style=\"font-weight: 400;\" aria-level=\"1\"><span style=\"font-weight: 400;\">de cualquier forma que cause interrupci\u00f3n o da\u00f1o a la p\u00e1gina web o lo haga deteriorado o menos eficiente<\/span><\/li>\n<li style=\"font-weight: 400;\" aria-level=\"1\"><span style=\"font-weight: 400;\">difundir anuncios o para cualquier otro prop\u00f3sito comercial (que incluye el uso de la p\u00e1gina web para promover o fomentar la venta de sus bienes\/servicios)<\/span><\/li>\n<li style=\"font-weight: 400;\" aria-level=\"1\"><span style=\"font-weight: 400;\">de cualquier forma que pueda llevarnos a nosotros, a cualquiera de nuestros empleados, voluntarios o afiliados a desprestigiarnos.<\/span><\/li>\n<\/ul>\n<p><b>Derechos de propiedad intelectual:<br><\/b><span style=\"font-style: inherit; font-weight: inherit;\">Los derechos de propiedad intelectual son un t\u00e9rmino que se refiere a la propiedad de material creativo, como las cosas que escribimos, fabricamos, producimos, dise\u00f1amos o inventamos.&nbsp;<\/span><\/p>\n<p><span style=\"font-weight: 400;\">Somos el propietario o el licenciatario de todos los derechos de propiedad intelectual en nuestra p\u00e1gina Web y en los contenidos publicados en esta. Esas obras est\u00e1n protegidas por leyes y tratados de derecho de autor de todo el mundo. Todos estos derechos est\u00e1n reservados.<\/span><\/p>\n<p><span style=\"font-weight: 400;\">Nada de lo que este incluido en la p\u00e1gina Web se considerar\u00e1 como la concesi\u00f3n de ninguna licencia o como un derecho dado a utilizar nuestra marca comercial. Esto tambi\u00e9n se aplica a cualquier propiedad intelectual de terceros que se muestre en nuestra p\u00e1gina Web. Cualquier uso requerir\u00e1 nuestro permiso previo por escrito o el de cualquier propietario de terceros. Cualquier uso indebido de las marcas comerciales en nuestra p\u00e1gina web por su parte est\u00e1 estrictamente prohibido.&nbsp;<\/span><span style=\"font-style: inherit;\">Usted no debe utilizar ninguna parte del contenido de nuestra p\u00e1gina con fines comerciales sin obtener una licencia para hacerlo de nosotros o de nuestros licenciantes.&nbsp;<\/span><span style=\"font-style: inherit; font-weight: inherit;\">Siempre debe reconocer a Kew, el Instituto Humboldt y a cualquier otro colaborador identificado como autores de contenido en nuestro sitio web.<\/span><\/p>\n<p><b>Citaci\u00f3n y atribuci\u00f3n<br><\/b><span style=\"font-style: inherit;\">Si utiliza alg\u00fan dato licenciado bajo <\/span><i style=\"font-weight: inherit;\">creative commons<\/i><span style=\"font-style: inherit;\"> atribuci\u00f3n CC-BY, tenga en cuenta que los t\u00e9rminos requieren que usted d\u00e9 un cr\u00e9dito\/citaci\u00f3n apropiado.&nbsp; Para los datos no licenciados bajo CC-BY, consulte los t\u00e9rminos o metadatos asociados que puedan indicar cualquier requisito de acreditaci\u00f3n, o, si no se establecen condiciones, le recomendamos que cite o haga referencia a este trabajo, como lo har\u00eda con cualquier otra investigaci\u00f3n cient\u00edfica.<\/span><\/p>\n<p><span style=\"font-weight: 400;\">Cuando presentamos datos cient\u00edficos generados por otros, no imponemos ninguna restricci\u00f3n adicional al uso de los datos aportados que los proporcionados por el propietario de los datos.<\/span><\/p>\n<p><span style=\"font-weight: 400;\">Si utiliza nuestros datos o informaci\u00f3n disponible, le recomendamos que cite o haga referencia a este trabajo como lo har\u00eda con cualquier otra investigaci\u00f3n cient\u00edfica (incluso si la licencia no lo requiere expl\u00edcitamente) utilizando la siguiente citaci\u00f3n:<\/span><\/p>\n<p><span style=\"font-weight: 400;\">Mauricio Diazgranados,&nbsp; Maria del Pilar Mira, Bob&nbsp;Allkin, William Baker, David Bishop, Nicolas Black, Nadia&nbsp;Bystriakova, Julia&nbsp;Carretero, Carolina Castellanos,&nbsp;Louise Colville, Tiziana Cossu, Lee Davies, Amalia D\u00edaz, Joaquim dSouza, Felipe Garc\u00eda, Ester Gaya, Laura Green, Anna Haigh, David Hammond, Pablo&nbsp;Hendigo, Ang\u00e9lica Herrera, Melanie-Jayne Howes, Paul Kersey, Laura&nbsp;Kor,&nbsp;Robert L\u00fccking, William Milliken, Justin Moat, Alexandre&nbsp;Monro,&nbsp;James Morley,&nbsp;Vicky Murphy, Mark Nesbitt, Ian Ondo, Lynn Parker, Sarah Phillips, Hugh Pritchard, Tatiana Rojas,&nbsp;Joseph Ruff, Tatiana&nbsp;Sanjuan,&nbsp; Malcolm Stone, Mimi&nbsp;Tanimoto, Germ\u00e1n Torres, Carolina Tovar, Robert Turner, Tim Utteridge, Natalia Vargas,&nbsp;A\u00edda M. Vasco, Kaitalin&nbsp;White, Paul Wilkin, Jenny Williams and Tiziana Ulian. 2021.&nbsp; <\/span><i><span style=\"font-weight: 400;\">Plantas y Hongos Utiles de Colombia.<\/span><\/i><span style=\"font-weight: 400;\"> &nbsp; Useful Plants and Fungi of Colombia Project (UPFC), RBG Kew Gardens, London, UK and A. von Humboldt Institute, Bogota, Colombia. [date viewed] &lt;www.in-colombia.org&gt;.<\/span><\/p>\n<p><span style=\"font-weight: 400;\">Muchos de los conjuntos de datos son el resultado de una gran cantidad de tiempo y esfuerzo invertidos por el equipo del proyecto y colaboradores del proyecto UPFC. Algunos representan el trabajo de una persona de muchas d\u00e9cadas. Citar estos datos nos permite medir el impacto de la investigaci\u00f3n y anima a otros a poner sus datos en el portal.<\/span><\/p>\n<p><b>Enlaces:<br><\/b><span style=\"font-style: inherit;\">Estamos complacidos de que usted conecte a nuestra p\u00e1gina de inicio, siempre y cuando sea de una manera justa y legal y no da\u00f1e nuestra reputaci\u00f3n ni se aproveche de ella, pero usted no debe insinuar ning\u00fan tipo de asociaci\u00f3n, aprobaci\u00f3n o respaldo de nuestra parte si no existe ninguna. No debe enlazar a nuestra p\u00e1gina de inicio desde ning\u00fan sitio web que no sea de su propiedad.<\/span><\/p>\n<p><span style=\"font-weight: 400;\">A menos que se permita expresamente en esta p\u00e1gina web, o bajo un acuerdo de licencia separado, nuestra p\u00e1gina web no debe ser enmarcado en ninguna otra p\u00e1gina web, ni puede crear un enlace a ninguna parte de nuestra p\u00e1gina web que no sea la p\u00e1gina de inicio. Nos reservamos el derecho de retirar el permiso de enlace sin previo aviso.&nbsp;<\/span><\/p>\n<p><span style=\"font-weight: 400;\">Nuestra p\u00e1gina web puede contener enlaces a sitios web de terceros que no son propiedad o est\u00e1n controlados por nosotros. Estos enlaces se proporcionan \u00fanicamente para su informaci\u00f3n y conveniencia de acceso y usted los visita bajo su propio riesgo. No somos responsables de los contenidos de esos sitios o recursos, por lo que no tenemos control de ellos. El uso de enlaces en nuestra p\u00e1gina no significa que lo estemos respaldando, y no somos responsables de ninguna p\u00e9rdida o da\u00f1o que pueda ocurrir por el uso de los mismos.<\/span><\/p>\n<p><b>Confianza en el contenido:&nbsp;<br><\/b><span style=\"font-style: inherit;\">Los comentarios y otros materiales publicados en nuestra p\u00e1gina web no est\u00e1n destinados a crear consejos sobre los que se debe confiar.&nbsp;<\/span><span style=\"font-style: inherit;\">Seguir cualquier tipo de contenido se hace bajo su propio riesgo. Por lo tanto, no aceptamos ninguna responsabilidad por cualquier confianza que usted tenga en dichos materiales, o por cualquier persona que pueda ser informada de cualquiera de sus contenidos.<\/span><\/p>\n<p><span style=\"font-weight: 400;\">Podemos proporcionar informaci\u00f3n sobre plantas y hongos que pueden tener cualidades medicinales o terap\u00e9uticas. Dicha informaci\u00f3n no debe considerarse un consejo m\u00e9dico ni ninguna recomendaci\u00f3n para tratar de utilizar cualquiera de los remedios descritos; este contenido est\u00e1 dise\u00f1ado como informaci\u00f3n de referencia sobre identidad bot\u00e1nica y nomenclatura (convenciones de nomenclatura). Este contenido no sustituye en modo alguno el asesoramiento de un m\u00e9dico cualificado.<\/span><\/p>\n<p><b>Contenido generado por el usuario:&nbsp;<br><\/b><span style=\"font-style: inherit;\">Si ha creado algo y lo ha puesto a disposici\u00f3n del proyecto UPFC por Kew y Humboldt, ha proporcionado &#8220;contenido generado por el usuario&#8221;.<\/span><\/p>\n<p><span style=\"font-weight: 400;\">Usted conservar\u00e1 los derechos de autor en obras art\u00edsticas o literarias, incluyendo, pero no limitado a, fotograf\u00edas, im\u00e1genes, obras de arte, audio o texto que env\u00ede, publique, env\u00ede por correo electr\u00f3nico o de otro modo de env\u00edo a nosotros o a nuestra p\u00e1gina web. Cuando usted no los proporciona, usted acepta que podemos usar y publicar ese contenido para cualquier prop\u00f3sito y durante un per\u00edodo de tiempo ilimitado en cualquier canal y en cualquier medio, incluidos la p\u00e1gina web y canales de redes sociales administrados por nosotros y\/o nuestra filial comercial de propiedad total RBG Kew Enterprises Limited.<\/span><\/p>\n<p><span style=\"font-weight: 400;\">Cuando proporciona ese contenido, tambi\u00e9n est\u00e1 confirmando que ha obtenido el permiso de cualquier gente que aparezca claramente en fotograf\u00edas, im\u00e1genes digitales, obras art\u00edsticas, de audio o literarias para que su foto, imagen o descripci\u00f3n se compartan con nosotros y se publiquen.<\/span><\/p>\n<p><span style=\"font-weight: 400;\">Cuando sea posible y razonable, acreditaremos sus obras art\u00edsticas y literarias con su nombre, pero no donde esto no sea viable (por ejemplo, en Twitter donde los personajes est\u00e1n limitados).<\/span><\/p>\n<p><b>Nuestra obligaci\u00f3n:<br><\/b><span style=\"font-style: inherit;\">El contenido que se muestra en nuestra p\u00e1gina Web se proporciona sin ninguna garant\u00eda, condici\u00f3n o garant\u00eda en cuanto a su exactitud. En la medida permitida por la ley, por la presente excluimos expresamente:<\/span><\/p>\n<ul>\n<li style=\"font-weight: 400;\" aria-level=\"1\"><span style=\"font-weight: 400;\">todas las condiciones impl\u00edcitas, garant\u00edas, representaciones u otros t\u00e9rminos que puedan aplicarse a nuestro sitio y cualquier contenido en \u00e9l<\/span><\/li>\n<li style=\"font-weight: 400;\" aria-level=\"1\"><span style=\"font-weight: 400;\">cualquier responsabilidad por cualquier p\u00e9rdida o da\u00f1o directo, indirecto o consecuente incurrido por usted o cualquier usuario en relaci\u00f3n con nuestra p\u00e1gina Web, o en relaci\u00f3n con el uso, incapacidad de uso o resultados del uso de nuestra p\u00e1gina Web, cualquier p\u00e1gina web vinculado a esta y cualquier material publicado en \u00e9l, incluyendo, sin limitaci\u00f3n, cualquier responsabilidad por p\u00e9rdida de ingresos; p\u00e9rdida de negocio; p\u00e9rdida de beneficios o contratos; p\u00e9rdida de ahorros previstos; p\u00e9rdida de datos; p\u00e9rdida de buena voluntad; p\u00e9rdida de tiempo de gesti\u00f3n u oficina y por cualquier otra p\u00e9rdida o da\u00f1o de cualquier tipo, sin embargo, que surja y ya sea en contrato, agravio (incluyendo negligencia), incumplimiento del deber legal o de otra manera, incluso si es previsible.<\/span><\/li>\n<\/ul>\n<p><span style=\"font-weight: 400;\">Nada en estos T\u00e9rminos tendr\u00eda porque afectar nuestra responsabilidad por muerte o lesiones personales derivadas de nuestra negligencia, ni nuestra responsabilidad por tergiversaci\u00f3n o tergiversaci\u00f3n fraudulenta en cuanto a un asunto fundamental, ni cualquier otra responsabilidad que no pueda ser excluida o limitada bajo la ley aplicable o que alternativamente pueda afectar sus derechos como consumidor (seg\u00fan corresponda).<\/span><\/p>\n<p><span style=\"font-weight: 400;\">No declaramos ni garantizamos que nuestra p\u00e1gina web est\u00e9 libre de todos los virus u otros componentes da\u00f1inos. Por lo tanto, debe tener cuidado en su uso de la p\u00e1gina web y al descargar cualquier contenido y uso actualizado, software reconocido por la industria para detectar y destruir cualquier virus o dispositivos destructivos similares. Usted acepta que accede a nuestra p\u00e1gina web y descarga cualquier contenido bajo su propio riesgo y que ser\u00e1 el \u00fanico responsable de su uso y de cualquier da\u00f1o a cualquier sistema inform\u00e1tico, p\u00e9rdida de datos u otro da\u00f1o que pueda resultar.<\/span><\/p>\n<p><span style=\"font-weight: 400;\">No seremos responsables de ninguna p\u00e9rdida o da\u00f1o causado por un ataque distribuido de denegaci\u00f3n de servicio, virus u otro material tecnol\u00f3gicamente da\u00f1ino que pueda infectar su equipo inform\u00e1tico, programas inform\u00e1ticos, datos u otro material debido a su uso de nuestra p\u00e1gina web o a la descarga de cualquier material publicado en esta, o en cualquier p\u00e1gina vinculada a nuestra p\u00e1gina.&nbsp;<\/span><\/p>\n<p><b>Ley de Gobierno:<br><\/b><span style=\"font-style: inherit;\">Si usted es una empresa, estos t\u00e9rminos de uso, su objeto y su formaci\u00f3n (y cualquier disputa o reclamaci\u00f3n no contractual) se rigen por la ley inglesa y est\u00e1n sujetos a la jurisdicci\u00f3n exclusiva de los tribunales de Inglaterra y Gales.<\/span><\/p>\n<p><span style=\"font-weight: 400;\">Si usted es un consumidor, debe ser consciente de que estos t\u00e9rminos de uso, su materia y su formaci\u00f3n, se rigen por la ley inglesa y que los tribunales de Inglaterra y Gales tendr\u00e1n jurisdicci\u00f3n exclusiva. Sin embargo, si usted es residente de Irlanda del Norte tambi\u00e9n puede presentar un procedimiento en Irlanda del Norte, y si reside en Escocia, tambi\u00e9n puede presentar un procedimiento en Escocia.<\/span><\/p>\n<p><b>Procedimiento de eliminaci\u00f3n:<br><\/b><span style=\"font-style: inherit;\">Al hacer que nuestra p\u00e1gina web est\u00e9 disponible en l\u00ednea, actuamos de buena fe. Esto significa que se han hecho todos los esfuerzos posibles para garantizar que el contenido de la p\u00e1gina Web no infrinja el derecho de nadie ni las leyes aplicables del Reino Unido. Si le preocupa que haya encontrado material en nuestra p\u00e1gina web para el que no ha dado permiso, infringe las leyes de privacidad, es obsceno, difamatorio y en t\u00e9rminos de derecho de autor no est\u00e1 cubierto por una limitaci\u00f3n o excepci\u00f3n, p\u00f3ngase en contacto con nosotros a <\/span><a href=\"mailto:in-colombia@kew.org\" style=\"font-style: inherit; font-weight: inherit; background-color: rgb(255, 255, 255);\">in-colombia@kew.org<\/a><span style=\"font-style: inherit;\">&nbsp; indicando lo siguiente:&nbsp;<\/span><\/p>\n<ul>\n<li style=\"font-weight: 400;\" aria-level=\"1\"><span style=\"font-weight: 400;\">Sus datos de contacto<\/span><\/li>\n<li style=\"font-weight: 400;\" aria-level=\"1\"><span style=\"font-weight: 400;\">Los detalles completos del material<\/span><\/li>\n<li style=\"font-weight: 400;\" aria-level=\"1\"><span style=\"font-weight: 400;\">La URL exacta y completa donde encontr\u00f3 el material<\/span><\/li>\n<li style=\"font-weight: 400;\" aria-level=\"1\"><span style=\"font-weight: 400;\">si la solicitud se refiere a los derechos de autor, debe proporcionar pruebas de que usted es el titular de los derechos y una declaraci\u00f3n de que, bajo pena de perjurio, usted es el titular de los derechos o es un representante autorizado<\/span><\/li>\n<li style=\"font-weight: 400;\" aria-level=\"1\"><span style=\"font-weight: 400;\">el motivo de su solicitud, incluyendo pero no limitado a la ley de derechos de autor, leyes de privacidad, protecci\u00f3n de datos, obscenidad, difamaci\u00f3n, etc.<\/span><\/li>\n<\/ul>\n<p><span style=\"font-weight: 400;\">Cuando recibamos su aviso:&nbsp;<\/span><\/p>\n<ul>\n<li style=\"font-weight: 400;\" aria-level=\"1\"><span style=\"font-weight: 400;\">reconoceremos la recepci\u00f3n de su queja y haremos una evaluaci\u00f3n inicial de la validez y verosimilitud de su queja<\/span><\/li>\n<li style=\"font-weight: 400;\" aria-level=\"1\"><span style=\"font-weight: 400;\">al recibir una queja v\u00e1lida, el material ser\u00e1 retirado temporalmente de nuestra p\u00e1gina web<\/span><\/li>\n<li style=\"font-weight: 400;\" aria-level=\"1\"><span style=\"font-weight: 400;\">investigaremos su queja, que puede incluir la b\u00fasqueda de asesoramiento legal interno o externo o, si se relaciona con material aportado por un tercero, notificar al colaborador externo de la queja y proporcionar la oportunidad de comentar sobre la queja.&nbsp;<\/span><\/li>\n<\/ul>\n<p><span style=\"font-weight: 400;\">Dependiendo del resultado de nuestra investigaci\u00f3n, podemos, con respecto a la totalidad o parte del material:<\/span><\/p>\n<ul>\n<li style=\"font-weight: 400;\" aria-level=\"1\"><span style=\"font-weight: 400;\">retirar permanentemente el material de la p\u00e1gina Web;<\/span><\/li>\n<li style=\"font-weight: 400;\" aria-level=\"1\"><span style=\"font-weight: 400;\">sustituir el material en la p\u00e1gina web sin cambios;<\/span><\/li>\n<li style=\"font-weight: 400;\" aria-level=\"1\"><span style=\"font-weight: 400;\">sustituir el material en la p\u00e1gina web por cambios.<\/span><\/li>\n<\/ul>\n<p><span style=\"font-weight: 400;\">PLANTAS Y HONGOS \u00daTILES DE COLOMBIA<\/span><\/p><\/div>\n\t\t\t\t<\/div>\n\t\t\t\t<\/div>\n\t\t\t\t<div class=\"elementor-element elementor-element-bb98f86 elementor-widget elementor-widget-spacer\" data-id=\"bb98f86\" data-element_type=\"widget\" data-widget_type=\"spacer.default\">\n\t\t\t\t<div class=\"elementor-widget-container\">\n\t\t\t\t\t<div class=\"elementor-spacer\">\n\t\t\t<div class=\"elementor-spacer-inner\"><\/div>\n\t\t<\/div>\n\t\t\t\t<\/div>\n\t\t\t\t<\/div>\n\t\t\t\t\t<\/div>\n\t\t<\/div>\n\t\t\t\t\t\t\t<\/div>\n\t\t<\/section>\n\t\t\t\t\t\t<\/div>\n\t\t\t\t\t<\/div>\n\t\t","protected":false},"excerpt":{"rendered":"<p>T\u00e9rminos de uso Estos t\u00e9rminos de uso se aplican al contenido del sitio web bajo el nombre de dominio &#8216;in-colombia.org&#8217; (el &#8216;Sitio Web&#8217;). El Sitio Web es administrado por el proyecto Plantas \u00datiles y Hongos de Colombia (UPFC). El objetivo de la p\u00e1gina web es centralizar toda la informaci\u00f3n relacionada con el proyecto UPFC.&nbsp; La &hellip;<\/p>\n<p class=\"read-more\"> <a class=\"\" href=\"https:\/\/in-colombia.org\/?page_id=1473\"> <span class=\"screen-reader-text\">Terms &#038; Conditions<\/span> Read More &raquo;<\/a><\/p>\n","protected":false},"author":9,"featured_media":0,"parent":0,"menu_order":0,"comment_status":"closed","ping_status":"closed","template":"","meta":{"footnotes":""},"class_list":["post-1473","page","type-page","status-publish","hentry"],"_links":{"self":[{"href":"https:\/\/in-colombia.org\/index.php?rest_route=\/wp\/v2\/pages\/1473","targetHints":{"allow":["GET"]}}],"collection":[{"href":"https:\/\/in-colombia.org\/index.php?rest_route=\/wp\/v2\/pages"}],"about":[{"href":"https:\/\/in-colombia.org\/index.php?rest_route=\/wp\/v2\/types\/page"}],"author":[{"embeddable":true,"href":"https:\/\/in-colombia.org\/index.php?rest_route=\/wp\/v2\/users\/9"}],"replies":[{"embeddable":true,"href":"https:\/\/in-colombia.org\/index.php?rest_route=%2Fwp%2Fv2%2Fcomments&post=1473"}],"version-history":[{"count":23,"href":"https:\/\/in-colombia.org\/index.php?rest_route=\/wp\/v2\/pages\/1473\/revisions"}],"predecessor-version":[{"id":3469,"href":"https:\/\/in-colombia.org\/index.php?rest_route=\/wp\/v2\/pages\/1473\/revisions\/3469"}],"wp:attachment":[{"href":"https:\/\/in-colombia.org\/index.php?rest_route=%2Fwp%2Fv2%2Fmedia&parent=1473"}],"curies":[{"name":"wp","href":"https:\/\/api.w.org\/{rel}","templated":true}]}}